{"id":128,"date":"2019-07-28T20:34:54","date_gmt":"2019-07-28T18:34:54","guid":{"rendered":"http:\/\/maite-guy-mediation.fr\/?page_id=128"},"modified":"2025-07-30T14:06:32","modified_gmt":"2025-07-30T12:06:32","slug":"qui-suis-je","status":"publish","type":"page","link":"https:\/\/maite-guy-mediation.fr\/index.php\/qui-suis-je\/","title":{"rendered":"Qui suis-je ?"},"content":{"rendered":"\n<p>M\u00e9diatrice g\u00e9n\u00e9raliste, familiale, de couple et assistante sociale Dipl\u00f4m\u00e9e d\u2019\u00c9tat, je vous accompagne en toute confidentialit\u00e9, pour<strong> \u00ab\u00a0<em>Passer d&rsquo;un regard qui d\u00e9visage \u00e0 un regard qui envisage\u00a0\u00bb<\/em> (Jean Cocteau)<\/strong>, notamment par le biais de la communication non-violente et de l&rsquo;approche syst\u00e9mique. Mon accompagnement comporte un volet familial (au sein du Cabinet) et professionnel (au sein des entreprises, des institutions).<\/p>\n\n\n\n<p>Install\u00e9e depuis septembre 2019, je suis la premi\u00e8re m\u00e9diatrice familiale \u00e0 exercer en lib\u00e9ral sur le d\u00e9partement du Pas-de-Calais. Ma soif de libert\u00e9, mon c\u00f4t\u00e9 novateur, mes valeurs personnelles et professionnelles m&rsquo;ont amen\u00e9 vers ce choix. Je souhaitais proposer un accompagnement diversifi\u00e9 et de qualit\u00e9 (dipl\u00f4mes et exp\u00e9riences) tout en prenant le temps de la rencontre avec les personnes qui me sollicitent. Le cadre lib\u00e9ral me permet d&rsquo;adapter mes horaires aux besoins et disponibilit\u00e9s de chacun (rendez-vous en soir\u00e9e ou le samedi).<\/p>\n\n\n\n<p>J\u2019ai travaill\u00e9 16 ans en Protection de l\u2019enfance en tant qu\u2019assistante sociale puis m\u00e9diatrice familiale et enfin cheffe de service. Je suis dipl\u00f4m\u00e9e Assistante de service social en 2001 et M\u00e9diatrice familiale en 2014. Cette formation en Droit, Psychologie, Sociologie et Techniques de communication a litt\u00e9ralement chang\u00e9 ma posture professionnelle. Au fil des ann\u00e9es, des exp\u00e9riences, j\u2019ai \u00ab\u00a0tricot\u00e9\u00a0\u00bb et \u00ab\u00a0d\u00e9tricot\u00e9\u00a0\u00bb cette posture. Je vis la m\u00e9diation comme un engagement personnel et professionnel. Un engagement o\u00f9 les notions de temps, de respect, d\u2019\u00e9coute des \u00e9motions, de bienveillance sont n\u00e9cessaires \u00e0 toute rencontre et communication sereines. L\u2019 espace de m\u00e9diation ressemble \u00e0 une sc\u00e8ne de th\u00e9\u00e2tre o\u00f9 les mots, les \u00e9motions sont mis en sc\u00e8ne, en sens. En 2019, je me forme plus sp\u00e9cifiquement \u00e0 la M\u00e9diation de couple et en 2025, \u00e0 la Sexoth\u00e9rapie.<\/p>\n\n\n\n<p>Professionnellement et personnellement, j\u2019ai c\u00f4toy\u00e9 le conflit et ai pu constater \u00e0 quel point celui-ci et&nbsp;\/ou l\u2019absence de communication pouvaient rendre la vie difficile.<\/p>\n\n\n\n<p> La m\u00e9diation permet d\u2019envisager la relation \u00e0 l\u2019autre autrement. Parce ce que je suis responsable de ce que je dis mais pas de ce que l\u2019autre comprend\u2026lorsque communication est synonyme de conflit et d\u2019impasse,&nbsp;le m\u00e9diateur, en tant que tiers neutre, impartial et ind\u00e9pendant, vous aide \u00e0 mettre des mots sur vos maux, \u00e0 vous \u00e9couter pour pouvoir entendre l\u2019autre dans sa diff\u00e9rence. Le cadre de la m\u00e9diation permet \u00e0 chacun de s\u2019exprimer en toute s\u00e9curit\u00e9 et libert\u00e9.<\/p>\n\n\n\n<p>Forte de mes exp\u00e9riences en tant qu&rsquo;assistante sociale, m\u00e9diatrice familiale et cheffe de service, je propose de la m\u00e9diation familiale, en entreprise et en institution (m\u00e9dicale, sociale, scolaire). Dans le cadre de la formation, j&rsquo;anime des groupes d&rsquo;analyse des pratiques professionnelles, j&rsquo;initie \u00e0 la gestion des conflits, \u00e0 la CNV (communication non violente) ainsi qu&rsquo;aux techniques de management. Je propose \u00e9galement trois types de coaching (parental, individuel et professionnel).<\/p>\n\n\n\n<p><\/p>\n\n\n<div class=\"wp-block-image\">\n<figure class=\"aligncenter is-resized\"><img loading=\"lazy\" decoding=\"async\" width=\"510\" height=\"298\" src=\"http:\/\/maite-guy-mediation.fr\/wp-content\/uploads\/2019\/07\/logo.png\" alt=\"\" class=\"wp-image-53\" style=\"width:206px;height:120px\" srcset=\"https:\/\/maite-guy-mediation.fr\/wp-content\/uploads\/2019\/07\/logo.png 510w, https:\/\/maite-guy-mediation.fr\/wp-content\/uploads\/2019\/07\/logo-300x175.png 300w\" sizes=\"auto, (max-width: 510px) 100vw, 510px\" \/><\/figure>\n<\/div>","protected":false},"excerpt":{"rendered":"<p>M\u00e9diatrice g\u00e9n\u00e9raliste, familiale, de couple et assistante sociale Dipl\u00f4m\u00e9e d\u2019\u00c9tat, je vous accompagne en toute confidentialit\u00e9, pour \u00ab\u00a0Passer d&rsquo;un regard qui d\u00e9visage \u00e0 un regard qui envisage\u00a0\u00bb (Jean Cocteau), notamment par le biais de la communication non-violente et de l&rsquo;approche syst\u00e9mique. Mon accompagnement comporte un volet familial (au sein du Cabinet) et professionnel (au sein &hellip; <\/p>\n<p class=\"link-more\"><a href=\"https:\/\/maite-guy-mediation.fr\/index.php\/qui-suis-je\/\" class=\"more-link\">Continuer la lecture<span class=\"screen-reader-text\"> de &laquo;&nbsp;Qui suis-je ?&nbsp;&raquo;<\/span><\/a><\/p>\n","protected":false},"author":2,"featured_media":0,"parent":0,"menu_order":2,"comment_status":"closed","ping_status":"closed","template":"","meta":{"footnotes":""},"class_list":["post-128","page","type-page","status-publish","hentry"],"_links":{"self":[{"href":"https:\/\/maite-guy-mediation.fr\/index.php\/wp-json\/wp\/v2\/pages\/128","targetHints":{"allow":["GET"]}}],"collection":[{"href":"https:\/\/maite-guy-mediation.fr\/index.php\/wp-json\/wp\/v2\/pages"}],"about":[{"href":"https:\/\/maite-guy-mediation.fr\/index.php\/wp-json\/wp\/v2\/types\/page"}],"author":[{"embeddable":true,"href":"https:\/\/maite-guy-mediation.fr\/index.php\/wp-json\/wp\/v2\/users\/2"}],"replies":[{"embeddable":true,"href":"https:\/\/maite-guy-mediation.fr\/index.php\/wp-json\/wp\/v2\/comments?post=128"}],"version-history":[{"count":27,"href":"https:\/\/maite-guy-mediation.fr\/index.php\/wp-json\/wp\/v2\/pages\/128\/revisions"}],"predecessor-version":[{"id":675,"href":"https:\/\/maite-guy-mediation.fr\/index.php\/wp-json\/wp\/v2\/pages\/128\/revisions\/675"}],"wp:attachment":[{"href":"https:\/\/maite-guy-mediation.fr\/index.php\/wp-json\/wp\/v2\/media?parent=128"}],"curies":[{"name":"wp","href":"https:\/\/api.w.org\/{rel}","templated":true}]}}