{"id":146,"date":"2019-07-28T20:45:47","date_gmt":"2019-07-28T18:45:47","guid":{"rendered":"http:\/\/maite-guy-mediation.fr\/?page_id=146"},"modified":"2025-06-05T11:01:32","modified_gmt":"2025-06-05T09:01:32","slug":"la-mediation-familiale","status":"publish","type":"page","link":"https:\/\/maite-guy-mediation.fr\/index.php\/la-mediation-familiale\/","title":{"rendered":"La m\u00e9diation familiale"},"content":{"rendered":"\n<p><strong>C&rsquo;est quoi ?<\/strong><\/p>\n\n\n\n<ul class=\"wp-block-list\">\n<li>La d\u00e9finition officielle de la m\u00e9diation familiale est adopt\u00e9e par le conseil national consultatif de la m\u00e9diation familiale en 2002&nbsp;:&nbsp; \u00ab&nbsp;La m\u00e9diation familiale est un processus de construction et de reconstruction du lien familial ax\u00e9 sur l\u2019autonomie et la responsabilit\u00e9 des personnes concern\u00e9es par des situations de rupture ou de s\u00e9paration dans lequel un tiers impartial, ind\u00e9pendant, qualifi\u00e9, favorise, \u00e0 travers l\u2019organisation d\u2019entretiens confidentiels, leurs communications, la gestion de leur conflit dans le domaine familial entendu dans sa diversit\u00e9 et dans son \u00e9volution&nbsp;\u00bb.  <\/li>\n<\/ul>\n\n\n\n<p><strong>Pour qui et pourquoi  ?<\/strong><\/p>\n\n\n\n<ul class=\"wp-block-list\">\n<li>Les couples qui se questionnent sur leur relation, sur leur mode de communication ou sur une \u00e9ventuelle rupture\u2026<\/li>\n<\/ul>\n\n\n\n<ul class=\"wp-block-list\">\n<li>Les parents s\u00e9par\u00e9s (avant, pendant et apr\u00e8s la s\u00e9paration) en conflit quant aux d\u00e9cisions li\u00e9es aux enfants, aux biens, \u2026<\/li>\n<\/ul>\n\n\n\n<ul class=\"wp-block-list\">\n<li>Des parents et leurs adolescents face \u00e0 une rupture de communication ou \u00e0 des incompr\u00e9hensions mutuelles\u2026<\/li>\n<\/ul>\n\n\n\n<ul class=\"wp-block-list\">\n<li>Des familles recompos\u00e9es pour mettre des mots sur les places, les r\u00f4les et ressentis de chacun\u2026pour r\u00e9fl\u00e9chir \u00e0 ce qui fait \u00ab&nbsp;famille&nbsp;\u00bb \u2026<\/li>\n<\/ul>\n\n\n\n<ul class=\"wp-block-list\">\n<li>Des fratries en conflit quant \u00e0 la perte d\u2019autonomie d\u2019un parent \u00e2g\u00e9 ou d\u2019un membre en situation de handicap, \u00e0 un h\u00e9ritage, \u2026<\/li>\n<\/ul>\n\n\n\n<ul class=\"wp-block-list\">\n<li>Des grands-parents en conflit avec leurs enfants et qui ne voient plus leurs petits-enfants\u2026<\/li>\n<\/ul>\n\n\n\n<p><strong>Comment ?<\/strong><\/p>\n\n\n\n<ul class=\"wp-block-list\">\n<li>L\u2019entretien d\u2019information (sans engagement)<\/li>\n<\/ul>\n\n\n\n<ul class=\"wp-block-list\">\n<li>Les entretiens de m\u00e9diation (nombre variable selon chaque situation)<\/li>\n<\/ul>\n\n\n<p><strong>Tarifs<\/strong><!--StartFragment--><\/p>\n<p>Possibilit\u00e9 de prise en charge par certaines compagnies d&rsquo;assurances dans le cadre de la protection juridique ou par certaines mutuelles (facture sur demande).<\/p>\n\n\n<ul class=\"wp-block-list\">\n<li>Entretien individuel d\u2019information : <strong>70 euros (environ 1h00)<\/strong><\/li>\n<\/ul>\n\n\n\n<ul class=\"wp-block-list\">\n<li>Entretien de m\u00e9diation\u00a0: <strong>70 euros \/pers (entre 1h30 \u00e0 2h00)<\/strong><\/li>\n<\/ul>\n\n\n<div class=\"wp-block-image\">\n<figure class=\"aligncenter is-resized\"><img loading=\"lazy\" decoding=\"async\" width=\"510\" height=\"298\" src=\"http:\/\/maite-guy-mediation.fr\/wp-content\/uploads\/2019\/07\/logo-1.png\" alt=\"\" class=\"wp-image-77\" style=\"width:205px;height:120px\" srcset=\"https:\/\/maite-guy-mediation.fr\/wp-content\/uploads\/2019\/07\/logo-1.png 510w, https:\/\/maite-guy-mediation.fr\/wp-content\/uploads\/2019\/07\/logo-1-300x175.png 300w\" sizes=\"auto, (max-width: 510px) 100vw, 510px\" \/><\/figure>\n<\/div>\n\n\n<p><\/p>\n","protected":false},"excerpt":{"rendered":"<p>C&rsquo;est quoi ? Pour qui et pourquoi ? Comment ? Tarifs Possibilit\u00e9 de prise en charge par certaines compagnies d&rsquo;assurances dans le cadre de la protection juridique ou par certaines mutuelles (facture sur demande).<\/p>\n","protected":false},"author":2,"featured_media":0,"parent":0,"menu_order":3,"comment_status":"closed","ping_status":"closed","template":"","meta":{"footnotes":""},"class_list":["post-146","page","type-page","status-publish","hentry"],"_links":{"self":[{"href":"https:\/\/maite-guy-mediation.fr\/index.php\/wp-json\/wp\/v2\/pages\/146","targetHints":{"allow":["GET"]}}],"collection":[{"href":"https:\/\/maite-guy-mediation.fr\/index.php\/wp-json\/wp\/v2\/pages"}],"about":[{"href":"https:\/\/maite-guy-mediation.fr\/index.php\/wp-json\/wp\/v2\/types\/page"}],"author":[{"embeddable":true,"href":"https:\/\/maite-guy-mediation.fr\/index.php\/wp-json\/wp\/v2\/users\/2"}],"replies":[{"embeddable":true,"href":"https:\/\/maite-guy-mediation.fr\/index.php\/wp-json\/wp\/v2\/comments?post=146"}],"version-history":[{"count":40,"href":"https:\/\/maite-guy-mediation.fr\/index.php\/wp-json\/wp\/v2\/pages\/146\/revisions"}],"predecessor-version":[{"id":661,"href":"https:\/\/maite-guy-mediation.fr\/index.php\/wp-json\/wp\/v2\/pages\/146\/revisions\/661"}],"wp:attachment":[{"href":"https:\/\/maite-guy-mediation.fr\/index.php\/wp-json\/wp\/v2\/media?parent=146"}],"curies":[{"name":"wp","href":"https:\/\/api.w.org\/{rel}","templated":true}]}}