{"id":214,"date":"2019-07-28T22:23:50","date_gmt":"2019-07-28T20:23:50","guid":{"rendered":"http:\/\/maite-guy-mediation.fr\/?page_id=214"},"modified":"2025-06-05T11:03:17","modified_gmt":"2025-06-05T09:03:17","slug":"le-coaching-parental","status":"publish","type":"page","link":"https:\/\/maite-guy-mediation.fr\/index.php\/le-coaching-parental\/","title":{"rendered":"Le coaching"},"content":{"rendered":"\n<p>Le coaching est un appui pour progresser dans le cadre d&rsquo;un processus de r\u00e9flexion et de cr\u00e9ativit\u00e9, pour optimiser son potentiel personnel et professionnel. Il permet d&rsquo;accompagner le changement, une prise de d\u00e9cision,&#8230;de prendre du recul sur ses pratiques, son quotidien, son organisation&#8230;de d\u00e9samorcer des situations complexes.<\/p>\n\n\n\n<p>Je vous propose 3 types de coaching qui vous permettrons de prendre ou reprendre confiance en vous en am\u00e9liorant votre communication, en accueillant et en apprenant \u00e0 g\u00e9rer vos \u00e9motions.<\/p>\n\n\n\n<p><strong>Le coaching parental:<\/strong> Aide, soutien et conseil dans la prise en charge \u00e9ducative et la prise en compte des besoins de votre enfant. Besoin d&rsquo;\u00eatre accompagn\u00e9 et rassur\u00e9 dans son r\u00f4le de parent.<\/p>\n\n\n\n<p><strong>Le coaching individuel: <\/strong>Besoin de faire un bilan conjugal, personnel, professionnel. D&rsquo;\u00eatre rassur\u00e9 sur vos comp\u00e9tences, d&rsquo;\u00eatre accompagn\u00e9 vers davantage de s\u00e9r\u00e9nit\u00e9, pour faire des choix et mettre des \u00ab\u00a0mots\u00a0\u00bb sur vos \u00ab\u00a0maux.<\/p>\n\n\n\n<p><strong>Le coaching professionnel:<\/strong> Il peut \u00eatre individuel ou collectif. Il permet de reprendre confiance en soi, d&rsquo;optimiser sa cr\u00e9ativit\u00e9, son potentiel , de g\u00e9rer sa carri\u00e8re, d&rsquo;accompagner un changement. Il favorise un management bienveillant et participatif et s&rsquo;inscrit dans le cadre de la pr\u00e9vention des risques psycho-sociaux au travail.<\/p>\n\n\n\n<p><strong>Tarifs sur devis pour les entreprises <\/strong><\/p>\n\n\n\n<p><strong>70 euros la s\u00e9ance d&rsquo;1h00 en individuel<\/strong><\/p>\n\n\n<div class=\"wp-block-image\">\n<figure class=\"aligncenter is-resized\"><img loading=\"lazy\" decoding=\"async\" width=\"510\" height=\"298\" src=\"http:\/\/maite-guy-mediation.fr\/wp-content\/uploads\/2019\/07\/logo.png\" alt=\"\" class=\"wp-image-53\" style=\"width:182px;height:106px\" srcset=\"https:\/\/maite-guy-mediation.fr\/wp-content\/uploads\/2019\/07\/logo.png 510w, https:\/\/maite-guy-mediation.fr\/wp-content\/uploads\/2019\/07\/logo-300x175.png 300w\" sizes=\"auto, (max-width: 510px) 100vw, 510px\" \/><\/figure>\n<\/div>","protected":false},"excerpt":{"rendered":"<p>Le coaching est un appui pour progresser dans le cadre d&rsquo;un processus de r\u00e9flexion et de cr\u00e9ativit\u00e9, pour optimiser son potentiel personnel et professionnel. Il permet d&rsquo;accompagner le changement, une prise de d\u00e9cision,&#8230;de prendre du recul sur ses pratiques, son quotidien, son organisation&#8230;de d\u00e9samorcer des situations complexes. Je vous propose 3 types de coaching qui &hellip; <\/p>\n<p class=\"link-more\"><a href=\"https:\/\/maite-guy-mediation.fr\/index.php\/le-coaching-parental\/\" class=\"more-link\">Continuer la lecture<span class=\"screen-reader-text\"> de &laquo;&nbsp;Le coaching&nbsp;&raquo;<\/span><\/a><\/p>\n","protected":false},"author":2,"featured_media":0,"parent":0,"menu_order":7,"comment_status":"closed","ping_status":"closed","template":"","meta":{"footnotes":""},"class_list":["post-214","page","type-page","status-publish","hentry"],"_links":{"self":[{"href":"https:\/\/maite-guy-mediation.fr\/index.php\/wp-json\/wp\/v2\/pages\/214","targetHints":{"allow":["GET"]}}],"collection":[{"href":"https:\/\/maite-guy-mediation.fr\/index.php\/wp-json\/wp\/v2\/pages"}],"about":[{"href":"https:\/\/maite-guy-mediation.fr\/index.php\/wp-json\/wp\/v2\/types\/page"}],"author":[{"embeddable":true,"href":"https:\/\/maite-guy-mediation.fr\/index.php\/wp-json\/wp\/v2\/users\/2"}],"replies":[{"embeddable":true,"href":"https:\/\/maite-guy-mediation.fr\/index.php\/wp-json\/wp\/v2\/comments?post=214"}],"version-history":[{"count":13,"href":"https:\/\/maite-guy-mediation.fr\/index.php\/wp-json\/wp\/v2\/pages\/214\/revisions"}],"predecessor-version":[{"id":663,"href":"https:\/\/maite-guy-mediation.fr\/index.php\/wp-json\/wp\/v2\/pages\/214\/revisions\/663"}],"wp:attachment":[{"href":"https:\/\/maite-guy-mediation.fr\/index.php\/wp-json\/wp\/v2\/media?parent=214"}],"curies":[{"name":"wp","href":"https:\/\/api.w.org\/{rel}","templated":true}]}}