{"id":593,"date":"2023-06-27T15:54:39","date_gmt":"2023-06-27T13:54:39","guid":{"rendered":"https:\/\/maite-guy-mediation.fr\/?page_id=593"},"modified":"2024-03-09T09:12:15","modified_gmt":"2024-03-09T08:12:15","slug":"mediateur-en-entreprise-hauts-de-france-resolution-de-conflits","status":"publish","type":"page","link":"https:\/\/maite-guy-mediation.fr\/index.php\/mediateur-en-entreprise-hauts-de-france-resolution-de-conflits\/","title":{"rendered":"M\u00e9diateur en entreprise Hauts-de-France &#8211; R\u00e9solution de conflits"},"content":{"rendered":"\n<h2 class=\"wp-block-heading\"><strong>M\u00e9diateur en entreprise Hauts-de-France &#8211; R\u00e9solution de conflits<\/strong><\/h2>\n\n\n\n<p>Bienvenue sur mon site d\u00e9di\u00e9 \u00e0 la m\u00e9diation professionnelle dans les Hauts-de-France. Je suis sp\u00e9cialis\u00e9e dans la r\u00e9solution de conflits pour &nbsp;les salari\u00e9s, les particuliers, les entreprises priv\u00e9es, les institutions publiques et les collectivit\u00e9s locales. J\u2019interviens dans les Hauts-de-France pour vous accompagner dans la recherche de solutions amiables \u00e0 vos diff\u00e9rends.<\/p>\n\n\n\n<p>Le recours \u00e0 un m\u00e9diateur professionnel est une alternative efficace et rapide \u00e0 une proc\u00e9dure judiciaire longue et co\u00fbteuse. La m\u00e9diation permet de trouver une solution satisfaisante pour toutes les parties, en \u00e9vitant les dommages collat\u00e9raux li\u00e9s aux proc\u00e9dures judiciaires, et s\u2019inscrit notamment dans le cadre de la pr\u00e9vention des risques psycho-sociaux et de sant\u00e9 au travail.<\/p>\n\n\n\n<h3 class=\"wp-block-heading\"><strong>Pr\u00e9sentation de mes services :<\/strong><\/h3>\n\n\n\n<p>Je mets \u00e0 votre disposition mon expertise en m\u00e9diation professionnelle pour vous aider \u00e0 r\u00e9soudre vos conflits en toute confidentialit\u00e9. J\u2019interviens dans divers domaines tels que les conflits entre salari\u00e9s, salari\u00e9s et employeurs, les conflits familiaux, les diff\u00e9rends entre voisins ou encore avec les administrations.<\/p>\n\n\n\n<p>Mon approche est bas\u00e9e sur l&rsquo;\u00e9coute, la communication non-violente, l\u2019impartialit\u00e9, la neutralit\u00e9 et l\u2019ind\u00e9pendance. Je suis \u00e0 l&rsquo;\u00e9coute de vos besoins et je travaille avec vous pour trouver une solution qui satisfasse toutes les parties. Je suis soucieuse de pr\u00e9server vos relations futures, en \u00e9vitant les tensions et les incompr\u00e9hensions.<\/p>\n\n\n\n<h3 class=\"wp-block-heading\"><strong><strong>Pourquoi choisir mon service de m\u00e9diation professionnelle ?<\/strong><\/strong><\/h3>\n\n\n\n<p>J\u2019ai une exp\u00e9rience significative dans la r\u00e9solution de conflits. Je suis en mesure de vous accompagner dans toutes les \u00e9tapes de la m\u00e9diation, depuis la mise en place du processus jusqu&rsquo;\u00e0 la signature d\u2019un \u00e9ventuel accord amiable. Je suis soucieuse de la qualit\u00e9 de mes prestations et de la satisfaction de mes clients.<\/p>\n\n\n\n<p>Je suis \u00e9galement \u00e0 votre disposition pour r\u00e9pondre \u00e0 toutes vos questions et vous conseiller (un coaching professionnel peut aussi \u00eatre envisag\u00e9) sur la meilleure approche \u00e0 adopter dans votre situation. <a><\/a><\/p>\n\n\n\n<p>Si vous cherchez un m\u00e9diateur professionnel dans les Hauts-de-France pour r\u00e9soudre vos conflits, contactez-moi d\u00e8s maintenant.<\/p>\n\n\n\n<p>Pour votre information, la r\u00e9gion des Hauts-de-France propose \u00ab&nbsp;Le Pass m\u00e9diation&nbsp;\u00bb.Une subvention destin\u00e9e aux entreprises pour leur permettre de s\u2019orienter davantage vers la m\u00e9diation.<\/p>\n\n\n\n<p>Clause de confidentialit\u00e9 = Les constatations du m\u00e9diateur et les d\u00e9clarations qu\u2019il recueille ne peuvent \u00eatre ni produites ni invoqu\u00e9es dans la suite d\u2019une proc\u00e9dure sans l\u2019accord des parties, ni en tout \u00e9tat de cause dans le cadre d\u2019une autre instance &#8211; Code de proc\u00e9dure civile-Art.131-14-<\/p>\n","protected":false},"excerpt":{"rendered":"<p>M\u00e9diateur en entreprise Hauts-de-France &#8211; R\u00e9solution de conflits Bienvenue sur mon site d\u00e9di\u00e9 \u00e0 la m\u00e9diation professionnelle dans les Hauts-de-France. Je suis sp\u00e9cialis\u00e9e dans la r\u00e9solution de conflits pour &nbsp;les salari\u00e9s, les particuliers, les entreprises priv\u00e9es, les institutions publiques et les collectivit\u00e9s locales. J\u2019interviens dans les Hauts-de-France pour vous accompagner dans la recherche de solutions &hellip; <\/p>\n<p class=\"link-more\"><a href=\"https:\/\/maite-guy-mediation.fr\/index.php\/mediateur-en-entreprise-hauts-de-france-resolution-de-conflits\/\" class=\"more-link\">Continuer la lecture<span class=\"screen-reader-text\"> de &laquo;&nbsp;M\u00e9diateur en entreprise Hauts-de-France &#8211; R\u00e9solution de conflits&nbsp;&raquo;<\/span><\/a><\/p>\n","protected":false},"author":2,"featured_media":0,"parent":0,"menu_order":0,"comment_status":"closed","ping_status":"closed","template":"","meta":{"footnotes":""},"class_list":["post-593","page","type-page","status-publish","hentry"],"_links":{"self":[{"href":"https:\/\/maite-guy-mediation.fr\/index.php\/wp-json\/wp\/v2\/pages\/593","targetHints":{"allow":["GET"]}}],"collection":[{"href":"https:\/\/maite-guy-mediation.fr\/index.php\/wp-json\/wp\/v2\/pages"}],"about":[{"href":"https:\/\/maite-guy-mediation.fr\/index.php\/wp-json\/wp\/v2\/types\/page"}],"author":[{"embeddable":true,"href":"https:\/\/maite-guy-mediation.fr\/index.php\/wp-json\/wp\/v2\/users\/2"}],"replies":[{"embeddable":true,"href":"https:\/\/maite-guy-mediation.fr\/index.php\/wp-json\/wp\/v2\/comments?post=593"}],"version-history":[{"count":4,"href":"https:\/\/maite-guy-mediation.fr\/index.php\/wp-json\/wp\/v2\/pages\/593\/revisions"}],"predecessor-version":[{"id":621,"href":"https:\/\/maite-guy-mediation.fr\/index.php\/wp-json\/wp\/v2\/pages\/593\/revisions\/621"}],"wp:attachment":[{"href":"https:\/\/maite-guy-mediation.fr\/index.php\/wp-json\/wp\/v2\/media?parent=593"}],"curies":[{"name":"wp","href":"https:\/\/api.w.org\/{rel}","templated":true}]}}