{"id":9,"date":"2019-07-16T10:09:42","date_gmt":"2019-07-16T08:09:42","guid":{"rendered":"http:\/\/maite-guy-mediation.fr\/admin\/?page_id=9"},"modified":"2025-04-22T11:32:14","modified_gmt":"2025-04-22T09:32:14","slug":"accueil","status":"publish","type":"page","link":"https:\/\/maite-guy-mediation.fr\/","title":{"rendered":"Accueil"},"content":{"rendered":"\n<p><strong>M\u00e9diation, Accompagnement, Formation<\/strong><\/p>\n\n\n\n<div class=\"wp-block-group\"><div class=\"wp-block-group__inner-container is-layout-flow wp-block-group-is-layout-flow\">\n<p class=\"has-vivid-purple-color has-text-color\"><\/p>\n<\/div><\/div>\n\n\n<p>Pousser la porte de la <span style=\"color: #333333;\"><strong>M\u00c9DIATION<\/strong>, et donc de mon Cabinet, <\/span>n\u2019est pas un acte anodin. C\u2019est p\u00e9n\u00e9trer dans un espace potentiellement g\u00e9n\u00e9rateur de changement. Le processus de m\u00e9diation met en mouvement la relation entre les personnes d\u2019une fa\u00e7on \u00e0 chaque fois singuli\u00e8re et les am\u00e8ne bien souvent \u00e0 faire des d\u00e9couvertes auxquelles elles ne s\u2019attendaient pas, les menant sur la voie de l&rsquo;apaisement et de la cr\u00e9ativit\u00e9.\u00a0<\/p>\n<p style=\"text-align: left;\"><span style=\"color: #000000;\"><span style=\"color: #333333;\"><strong>M<\/strong><\/span><span style=\"color: #ff00ff;\">ise en mots, en sens<\/span><\/span><\/p>\n<p style=\"text-align: left;\"><span style=\"color: #000000;\"><span style=\"color: #333333;\"><strong>\u00c9<\/strong><\/span><span style=\"color: #ff00ff;\">coute<\/span><\/span><\/p>\n<p style=\"text-align: left;\"><span style=\"color: #333333;\"><strong>D<\/strong><\/span><span style=\"color: #ff00ff;\">\u00e9termination<\/span><\/p>\n<p style=\"text-align: left;\"><span style=\"color: #333333;\"><strong>I<\/strong><\/span><span style=\"color: #ff00ff;\">mpartialit\u00e9<\/span><\/p>\n<p style=\"text-align: left;\"><span style=\"color: #333333;\"><strong>A<\/strong><\/span><span style=\"color: #ff00ff;\">lt\u00e9rit\u00e9<\/span><\/p>\n<p style=\"text-align: left;\"><span style=\"color: #333333;\"><strong>T<\/strong><\/span><span style=\"color: #ff00ff;\">iers<\/span><\/p>\n<p style=\"text-align: left;\"><span style=\"color: #333333;\"><strong>I<\/strong><\/span><span style=\"color: #ff00ff;\">nnovation<\/span><\/p>\n<p style=\"text-align: left;\"><span style=\"color: #333333;\"><strong>O<\/strong><\/span><span style=\"color: #ff00ff;\">bservation<\/span><\/p>\n<p style=\"text-align: left;\"><span style=\"color: #333333;\"><strong>N<\/strong><\/span><span style=\"color: #ff00ff;\">eutralit\u00e9<\/span><\/p>\n<p>\u00a0<\/p>\n\n<div class=\"wp-block-image\">\n<figure class=\"aligncenter is-resized\"><img loading=\"lazy\" decoding=\"async\" src=\"http:\/\/maite-guy-mediation.fr\/wp-content\/uploads\/2019\/07\/logo.png\" alt=\"\" class=\"wp-image-53\" width=\"233\" height=\"136\" srcset=\"https:\/\/maite-guy-mediation.fr\/wp-content\/uploads\/2019\/07\/logo.png 510w, https:\/\/maite-guy-mediation.fr\/wp-content\/uploads\/2019\/07\/logo-300x175.png 300w\" sizes=\"auto, (max-width: 233px) 100vw, 233px\" \/><\/figure>\n<\/div>","protected":false},"excerpt":{"rendered":"<p>M\u00e9diation, Accompagnement, Formation Pousser la porte de la M\u00c9DIATION, et donc de mon Cabinet, n\u2019est pas un acte anodin. C\u2019est p\u00e9n\u00e9trer dans un espace potentiellement g\u00e9n\u00e9rateur de changement. Le processus de m\u00e9diation met en mouvement la relation entre les personnes d\u2019une fa\u00e7on \u00e0 chaque fois singuli\u00e8re et les am\u00e8ne bien souvent \u00e0 faire des d\u00e9couvertes &hellip; <\/p>\n<p class=\"link-more\"><a href=\"https:\/\/maite-guy-mediation.fr\/\" class=\"more-link\">Continuer la lecture<span class=\"screen-reader-text\"> de &laquo;&nbsp;Accueil&nbsp;&raquo;<\/span><\/a><\/p>\n","protected":false},"author":2,"featured_media":0,"parent":0,"menu_order":1,"comment_status":"closed","ping_status":"closed","template":"","meta":{"footnotes":""},"class_list":["post-9","page","type-page","status-publish","hentry"],"_links":{"self":[{"href":"https:\/\/maite-guy-mediation.fr\/index.php\/wp-json\/wp\/v2\/pages\/9","targetHints":{"allow":["GET"]}}],"collection":[{"href":"https:\/\/maite-guy-mediation.fr\/index.php\/wp-json\/wp\/v2\/pages"}],"about":[{"href":"https:\/\/maite-guy-mediation.fr\/index.php\/wp-json\/wp\/v2\/types\/page"}],"author":[{"embeddable":true,"href":"https:\/\/maite-guy-mediation.fr\/index.php\/wp-json\/wp\/v2\/users\/2"}],"replies":[{"embeddable":true,"href":"https:\/\/maite-guy-mediation.fr\/index.php\/wp-json\/wp\/v2\/comments?post=9"}],"version-history":[{"count":33,"href":"https:\/\/maite-guy-mediation.fr\/index.php\/wp-json\/wp\/v2\/pages\/9\/revisions"}],"predecessor-version":[{"id":554,"href":"https:\/\/maite-guy-mediation.fr\/index.php\/wp-json\/wp\/v2\/pages\/9\/revisions\/554"}],"wp:attachment":[{"href":"https:\/\/maite-guy-mediation.fr\/index.php\/wp-json\/wp\/v2\/media?parent=9"}],"curies":[{"name":"wp","href":"https:\/\/api.w.org\/{rel}","templated":true}]}}